{"id":6910,"date":"2024-02-07T11:41:52","date_gmt":"2024-02-07T10:41:52","guid":{"rendered":"https:\/\/www.medicalservice.care\/?page_id=6910"},"modified":"2024-02-07T11:44:00","modified_gmt":"2024-02-07T10:44:00","slug":"urgencias-24-horas","status":"publish","type":"page","link":"https:\/\/medicalservice.care\/en\/urgencias-24-horas\/","title":{"rendered":"URG\u00caNCIAS 24 HORAS"},"content":{"rendered":"<div data-elementor-type=\"wp-page\" data-elementor-id=\"6910\" class=\"elementor elementor-6910\" data-elementor-post-type=\"page\">\n\t\t\t\t\t\t<section class=\"elementor-section elementor-top-section elementor-element elementor-element-5e60b26 elementor-section-boxed elementor-section-height-default elementor-section-height-default\" data-id=\"5e60b26\" data-element_type=\"section\" data-e-type=\"section\">\n\t\t\t\t\t\t<div class=\"elementor-container elementor-column-gap-default\">\n\t\t\t\t\t<div class=\"elementor-column elementor-col-100 elementor-top-column elementor-element elementor-element-57fd1ae\" data-id=\"57fd1ae\" data-element_type=\"column\" data-e-type=\"column\">\n\t\t\t<div class=\"elementor-widget-wrap elementor-element-populated\">\n\t\t\t\t\t\t<div class=\"elementor-element elementor-element-4875f68 elementor-widget elementor-widget-heading\" data-id=\"4875f68\" data-element_type=\"widget\" data-e-type=\"widget\" data-widget_type=\"heading.default\">\n\t\t\t\t<div class=\"elementor-widget-container\">\n\t\t\t\t\t<h1 class=\"elementor-heading-title elementor-size-default\">URG\u00caNCIAS 24H<\/h1>\t\t\t\t<\/div>\n\t\t\t\t<\/div>\n\t\t\t\t\t<\/div>\n\t\t<\/div>\n\t\t\t\t\t<\/div>\n\t\t<\/section>\n\t\t\t\t<section class=\"elementor-section elementor-top-section elementor-element elementor-element-81174e8 elementor-section-boxed elementor-section-height-default elementor-section-height-default\" data-id=\"81174e8\" data-element_type=\"section\" data-e-type=\"section\">\n\t\t\t\t\t\t<div class=\"elementor-container elementor-column-gap-default\">\n\t\t\t\t\t<div class=\"elementor-column elementor-col-100 elementor-top-column elementor-element elementor-element-e73403d\" data-id=\"e73403d\" data-element_type=\"column\" data-e-type=\"column\">\n\t\t\t<div class=\"elementor-widget-wrap elementor-element-populated\">\n\t\t\t\t\t\t<section class=\"elementor-section elementor-inner-section elementor-element elementor-element-78f701a elementor-section-boxed elementor-section-height-default elementor-section-height-default\" data-id=\"78f701a\" data-element_type=\"section\" data-e-type=\"section\">\n\t\t\t\t\t\t<div class=\"elementor-container elementor-column-gap-default\">\n\t\t\t\t\t<div class=\"elementor-column elementor-col-50 elementor-inner-column elementor-element elementor-element-5d97bad\" data-id=\"5d97bad\" data-element_type=\"column\" data-e-type=\"column\">\n\t\t\t<div class=\"elementor-widget-wrap\">\n\t\t\t\t\t\t\t<\/div>\n\t\t<\/div>\n\t\t\t\t<div class=\"elementor-column elementor-col-50 elementor-inner-column elementor-element elementor-element-44fba48\" data-id=\"44fba48\" data-element_type=\"column\" data-e-type=\"column\">\n\t\t\t<div class=\"elementor-widget-wrap elementor-element-populated\">\n\t\t\t\t\t\t<div class=\"elementor-element elementor-element-dc099f0 elementor-widget elementor-widget-heading\" data-id=\"dc099f0\" data-element_type=\"widget\" data-e-type=\"widget\" data-widget_type=\"heading.default\">\n\t\t\t\t<div class=\"elementor-widget-container\">\n\t\t\t\t\t<h2 class=\"elementor-heading-title elementor-size-default\">URG\u00caNCIAS 24H<\/h2>\t\t\t\t<\/div>\n\t\t\t\t<\/div>\n\t\t\t\t\t<\/div>\n\t\t<\/div>\n\t\t\t\t\t<\/div>\n\t\t<\/section>\n\t\t\t\t<section class=\"elementor-section elementor-inner-section elementor-element elementor-element-9162104 elementor-section-boxed elementor-section-height-default elementor-section-height-default\" data-id=\"9162104\" data-element_type=\"section\" data-e-type=\"section\">\n\t\t\t\t\t\t<div class=\"elementor-container elementor-column-gap-default\">\n\t\t\t\t\t<div class=\"elementor-column elementor-col-50 elementor-inner-column elementor-element elementor-element-cb6487d\" data-id=\"cb6487d\" data-element_type=\"column\" data-e-type=\"column\">\n\t\t\t<div class=\"elementor-widget-wrap elementor-element-populated\">\n\t\t\t\t\t\t<div class=\"elementor-element elementor-element-328376d elementor-widget elementor-widget-image\" data-id=\"328376d\" data-element_type=\"widget\" data-e-type=\"widget\" data-widget_type=\"image.default\">\n\t\t\t\t<div class=\"elementor-widget-container\">\n\t\t\t\t\t\t\t\t\t\t\t\t\t\t\t<img fetchpriority=\"high\" decoding=\"async\" width=\"800\" height=\"458\" src=\"https:\/\/medicalservice.care\/wp-content\/uploads\/2024\/01\/MEDICOS-3-1024x586.jpg\" class=\"attachment-large size-large wp-image-6233\" alt=\"\" srcset=\"https:\/\/medicalservice.care\/wp-content\/uploads\/2024\/01\/MEDICOS-3-1024x586.jpg 1024w, https:\/\/medicalservice.care\/wp-content\/uploads\/2024\/01\/MEDICOS-3-300x172.jpg 300w, https:\/\/medicalservice.care\/wp-content\/uploads\/2024\/01\/MEDICOS-3-768x439.jpg 768w, https:\/\/medicalservice.care\/wp-content\/uploads\/2024\/01\/MEDICOS-3.jpg 1500w\" sizes=\"(max-width: 800px) 100vw, 800px\" \/>\t\t\t\t\t\t\t\t\t\t\t\t\t\t\t<\/div>\n\t\t\t\t<\/div>\n\t\t\t\t<div class=\"elementor-element elementor-element-40bd4e3 elementor-widget__width-initial elementor-widget elementor-widget-text-editor\" data-id=\"40bd4e3\" data-element_type=\"widget\" data-e-type=\"widget\" data-widget_type=\"text-editor.default\">\n\t\t\t\t<div class=\"elementor-widget-container\">\n\t\t\t\t\t\t\t\t\t<p><strong><img decoding=\"async\" draggable=\"false\" role=\"img\" class=\"emoji\" alt=\"\u260e\ufe0f\" src=\"https:\/\/s.w.org\/images\/core\/emoji\/14.0.0\/svg\/260e.svg\">&nbsp;24-hour doctors:<\/strong>&nbsp;670 773 826<\/p>\n<p><strong><img decoding=\"async\" draggable=\"false\" role=\"img\" class=\"emoji\" alt=\"\u260e\ufe0f\" src=\"https:\/\/s.w.org\/images\/core\/emoji\/14.0.0\/svg\/260e.svg\"> 24-hour devices:<\/strong>&nbsp;626 582 388<\/p>\n<p><strong><img decoding=\"async\" draggable=\"false\" role=\"img\" class=\"emoji\" alt=\"\u260e\ufe0f\" src=\"https:\/\/s.w.org\/images\/core\/emoji\/14.0.0\/svg\/260e.svg\"> Malaga Central:&nbsp;<\/strong>951 600 116<\/p>\t\t\t\t\t\t\t\t<\/div>\n\t\t\t\t<\/div>\n\t\t\t\t\t<\/div>\n\t\t<\/div>\n\t\t\t\t<div class=\"elementor-column elementor-col-50 elementor-inner-column elementor-element elementor-element-6ecfa92\" data-id=\"6ecfa92\" data-element_type=\"column\" data-e-type=\"column\">\n\t\t\t<div class=\"elementor-widget-wrap elementor-element-populated\">\n\t\t\t\t\t\t<div class=\"elementor-element elementor-element-9f4611c elementor-align-start elementor-icon-list--layout-traditional elementor-list-item-link-full_width elementor-widget elementor-widget-icon-list\" data-id=\"9f4611c\" data-element_type=\"widget\" data-e-type=\"widget\" data-widget_type=\"icon-list.default\">\n\t\t\t\t<div class=\"elementor-widget-container\">\n\t\t\t\t\t\t\t<ul class=\"elementor-icon-list-items\">\n\t\t\t\t\t\t\t<li class=\"elementor-icon-list-item\">\n\t\t\t\t\t\t\t\t\t\t\t<span class=\"elementor-icon-list-icon\">\n\t\t\t\t\t\t\t<svg aria-hidden=\"true\" class=\"e-font-icon-svg e-fas-chevron-right\" viewbox=\"0 0 320 512\" xmlns=\"http:\/\/www.w3.org\/2000\/svg\"><path d=\"M285.476 272.971L91.132 467.314c-9.373 9.373-24.569 9.373-33.941 0l-22.667-22.667c-9.357-9.357-9.375-24.522-.04-33.901L188.505 256 34.484 101.255c-9.335-9.379-9.317-24.544.04-33.901l22.667-22.667c9.373-9.373 24.569-9.373 33.941 0L285.475 239.03c9.373 9.372 9.373 24.568.001 33.941z\"><\/path><\/svg>\t\t\t\t\t\t<\/span>\n\t\t\t\t\t\t\t\t\t\t<span class=\"elementor-icon-list-text\">IMMEDIATE MEDICAL ASSESSMENT.<\/span>\n\t\t\t\t\t\t\t\t\t<\/li>\n\t\t\t\t\t\t\t\t<li class=\"elementor-icon-list-item\">\n\t\t\t\t\t\t\t\t\t\t\t<span class=\"elementor-icon-list-icon\">\n\t\t\t\t\t\t\t<svg aria-hidden=\"true\" class=\"e-font-icon-svg e-fas-chevron-right\" viewbox=\"0 0 320 512\" xmlns=\"http:\/\/www.w3.org\/2000\/svg\"><path d=\"M285.476 272.971L91.132 467.314c-9.373 9.373-24.569 9.373-33.941 0l-22.667-22.667c-9.357-9.357-9.375-24.522-.04-33.901L188.505 256 34.484 101.255c-9.335-9.379-9.317-24.544.04-33.901l22.667-22.667c9.373-9.373 24.569-9.373 33.941 0L285.475 239.03c9.373 9.372 9.373 24.568.001 33.941z\"><\/path><\/svg>\t\t\t\t\t\t<\/span>\n\t\t\t\t\t\t\t\t\t\t<span class=\"elementor-icon-list-text\">RESPONSE TIME LESS THAN 30 MIN.<\/span>\n\t\t\t\t\t\t\t\t\t<\/li>\n\t\t\t\t\t\t\t\t<li class=\"elementor-icon-list-item\">\n\t\t\t\t\t\t\t\t\t\t\t<span class=\"elementor-icon-list-icon\">\n\t\t\t\t\t\t\t<svg aria-hidden=\"true\" class=\"e-font-icon-svg e-fas-chevron-right\" viewbox=\"0 0 320 512\" xmlns=\"http:\/\/www.w3.org\/2000\/svg\"><path d=\"M285.476 272.971L91.132 467.314c-9.373 9.373-24.569 9.373-33.941 0l-22.667-22.667c-9.357-9.357-9.375-24.522-.04-33.901L188.505 256 34.484 101.255c-9.335-9.379-9.317-24.544.04-33.901l22.667-22.667c9.373-9.373 24.569-9.373 33.941 0L285.475 239.03c9.373 9.372 9.373 24.568.001 33.941z\"><\/path><\/svg>\t\t\t\t\t\t<\/span>\n\t\t\t\t\t\t\t\t\t\t<span class=\"elementor-icon-list-text\">COMPLETE MANAGEMENT OF EXITUS. <\/span>\n\t\t\t\t\t\t\t\t\t<\/li>\n\t\t\t\t\t\t\t\t<li class=\"elementor-icon-list-item\">\n\t\t\t\t\t\t\t\t\t\t\t<span class=\"elementor-icon-list-icon\">\n\t\t\t\t\t\t\t<svg aria-hidden=\"true\" class=\"e-font-icon-svg e-fas-chevron-right\" viewbox=\"0 0 320 512\" xmlns=\"http:\/\/www.w3.org\/2000\/svg\"><path d=\"M285.476 272.971L91.132 467.314c-9.373 9.373-24.569 9.373-33.941 0l-22.667-22.667c-9.357-9.357-9.375-24.522-.04-33.901L188.505 256 34.484 101.255c-9.335-9.379-9.317-24.544.04-33.901l22.667-22.667c9.373-9.373 24.569-9.373 33.941 0L285.475 239.03c9.373 9.372 9.373 24.568.001 33.941z\"><\/path><\/svg>\t\t\t\t\t\t<\/span>\n\t\t\t\t\t\t\t\t\t\t<span class=\"elementor-icon-list-text\">STAFF TRAINING IN URGENT CARE, GERIATRIC EMERGENCIES AND LIFE SUPPORT, IMMEDIATE INTERLOCUTION OF FAMILY MEMBERS IN THE MANAGEMENT OF PATHOLOGIES.<\/span>\n\t\t\t\t\t\t\t\t\t<\/li>\n\t\t\t\t\t\t\t\t<li class=\"elementor-icon-list-item\">\n\t\t\t\t\t\t\t\t\t\t\t<span class=\"elementor-icon-list-icon\">\n\t\t\t\t\t\t\t<svg aria-hidden=\"true\" class=\"e-font-icon-svg e-fas-chevron-right\" viewbox=\"0 0 320 512\" xmlns=\"http:\/\/www.w3.org\/2000\/svg\"><path d=\"M285.476 272.971L91.132 467.314c-9.373 9.373-24.569 9.373-33.941 0l-22.667-22.667c-9.357-9.357-9.375-24.522-.04-33.901L188.505 256 34.484 101.255c-9.335-9.379-9.317-24.544.04-33.901l22.667-22.667c9.373-9.373 24.569-9.373 33.941 0L285.475 239.03c9.373 9.372 9.373 24.568.001 33.941z\"><\/path><\/svg>\t\t\t\t\t\t<\/span>\n\t\t\t\t\t\t\t\t\t\t<span class=\"elementor-icon-list-text\">DIRECT COORDINATION WITH PRIVATE AND PUBLIC EVACUATION DEVICES.<\/span>\n\t\t\t\t\t\t\t\t\t<\/li>\n\t\t\t\t\t\t\t\t<li class=\"elementor-icon-list-item\">\n\t\t\t\t\t\t\t\t\t\t\t<span class=\"elementor-icon-list-icon\">\n\t\t\t\t\t\t\t<svg aria-hidden=\"true\" class=\"e-font-icon-svg e-fas-chevron-right\" viewbox=\"0 0 320 512\" xmlns=\"http:\/\/www.w3.org\/2000\/svg\"><path d=\"M285.476 272.971L91.132 467.314c-9.373 9.373-24.569 9.373-33.941 0l-22.667-22.667c-9.357-9.357-9.375-24.522-.04-33.901L188.505 256 34.484 101.255c-9.335-9.379-9.317-24.544.04-33.901l22.667-22.667c9.373-9.373 24.569-9.373 33.941 0L285.475 239.03c9.373 9.372 9.373 24.568.001 33.941z\"><\/path><\/svg>\t\t\t\t\t\t<\/span>\n\t\t\t\t\t\t\t\t\t\t<span class=\"elementor-icon-list-text\">CONTINUITY OF CARE IN THE INCIDENCE OF CHRONIC DISEASES.<\/span>\n\t\t\t\t\t\t\t\t\t<\/li>\n\t\t\t\t\t\t\t\t<li class=\"elementor-icon-list-item\">\n\t\t\t\t\t\t\t\t\t\t\t<span class=\"elementor-icon-list-icon\">\n\t\t\t\t\t\t\t<svg aria-hidden=\"true\" class=\"e-font-icon-svg e-fas-chevron-right\" viewbox=\"0 0 320 512\" xmlns=\"http:\/\/www.w3.org\/2000\/svg\"><path d=\"M285.476 272.971L91.132 467.314c-9.373 9.373-24.569 9.373-33.941 0l-22.667-22.667c-9.357-9.357-9.375-24.522-.04-33.901L188.505 256 34.484 101.255c-9.335-9.379-9.317-24.544.04-33.901l22.667-22.667c9.373-9.373 24.569-9.373 33.941 0L285.475 239.03c9.373 9.372 9.373 24.568.001 33.941z\"><\/path><\/svg>\t\t\t\t\t\t<\/span>\n\t\t\t\t\t\t\t\t\t\t<span class=\"elementor-icon-list-text\">MONITORING OF HOSPITAL CLINICAL ADMISSIONS.<\/span>\n\t\t\t\t\t\t\t\t\t<\/li>\n\t\t\t\t\t\t\t\t<li class=\"elementor-icon-list-item\">\n\t\t\t\t\t\t\t\t\t\t\t<span class=\"elementor-icon-list-icon\">\n\t\t\t\t\t\t\t<svg aria-hidden=\"true\" class=\"e-font-icon-svg e-fas-chevron-right\" viewbox=\"0 0 320 512\" xmlns=\"http:\/\/www.w3.org\/2000\/svg\"><path d=\"M285.476 272.971L91.132 467.314c-9.373 9.373-24.569 9.373-33.941 0l-22.667-22.667c-9.357-9.357-9.375-24.522-.04-33.901L188.505 256 34.484 101.255c-9.335-9.379-9.317-24.544.04-33.901l22.667-22.667c9.373-9.373 24.569-9.373 33.941 0L285.475 239.03c9.373 9.372 9.373 24.568.001 33.941z\"><\/path><\/svg>\t\t\t\t\t\t<\/span>\n\t\t\t\t\t\t\t\t\t\t<span class=\"elementor-icon-list-text\">DIRECT COORDINATION WITH PRIVATE AND PUBLIC EVACUATION SYSTEMS<\/span>\n\t\t\t\t\t\t\t\t\t<\/li>\n\t\t\t\t\t\t\t\t<li class=\"elementor-icon-list-item\">\n\t\t\t\t\t\t\t\t\t\t\t<span class=\"elementor-icon-list-icon\">\n\t\t\t\t\t\t\t<svg aria-hidden=\"true\" class=\"e-font-icon-svg e-fas-chevron-right\" viewbox=\"0 0 320 512\" xmlns=\"http:\/\/www.w3.org\/2000\/svg\"><path d=\"M285.476 272.971L91.132 467.314c-9.373 9.373-24.569 9.373-33.941 0l-22.667-22.667c-9.357-9.357-9.375-24.522-.04-33.901L188.505 256 34.484 101.255c-9.335-9.379-9.317-24.544.04-33.901l22.667-22.667c9.373-9.373 24.569-9.373 33.941 0L285.475 239.03c9.373 9.372 9.373 24.568.001 33.941z\"><\/path><\/svg>\t\t\t\t\t\t<\/span>\n\t\t\t\t\t\t\t\t\t\t<span class=\"elementor-icon-list-text\">REINFORCEMENT CONSULTATIONS ON HOLIDAYS AND WEEKENDS AND COVERAGE DURING HOLIDAYS OF RESIDENTIAL STAFF.<\/span>\n\t\t\t\t\t\t\t\t\t<\/li>\n\t\t\t\t\t\t<\/ul>\n\t\t\t\t\t\t<\/div>\n\t\t\t\t<\/div>\n\t\t\t\t\t<\/div>\n\t\t<\/div>\n\t\t\t\t\t<\/div>\n\t\t<\/section>\n\t\t\t\t\t<\/div>\n\t\t<\/div>\n\t\t\t\t\t<\/div>\n\t\t<\/section>\n\t\t\t\t<\/div>","protected":false},"excerpt":{"rendered":"<p>URG\u00caNCIAS 24H URG\u00caNCIAS 24H &nbsp;M\u00e9dicos 24 horas :&nbsp;670 773 826 Dispositivos 24 horas :&nbsp;626 582 388 Central&nbsp; de M\u00e1laga :&nbsp;951 600 116 VALORACI\u00d3N M\u00c9DICA INMEDIATA. TIEMPO DE RESPUESTA INFERIOR A 30 MIN. GESTI\u00d3N COMPLETA DE LOS EXITUS. FORMACI\u00d3N DEL PERSONAL EN URGENCIAS, EMERGENCIAS GERI\u00c1TRICAS Y SOPORTE VITAL, INTERLOCUCI\u00d3N INMEDIATA DE LOS FAMILIARES EN LA GESTI\u00d3N [&hellip;]<\/p>\n","protected":false},"author":2,"featured_media":0,"parent":0,"menu_order":0,"comment_status":"closed","ping_status":"closed","template":"","meta":{"footnotes":""},"class_list":["post-6910","page","type-page","status-publish","hentry"],"yoast_head":"<!-- This site is optimized with the Yoast SEO Premium plugin v23.5 (Yoast SEO v27.2) - https:\/\/yoast.com\/product\/yoast-seo-premium-wordpress\/ -->\n<title>URG\u00caNCIAS 24 HORAS - Medical service<\/title>\n<meta name=\"robots\" content=\"index, follow, max-snippet:-1, max-image-preview:large, max-video-preview:-1\" \/>\n<link rel=\"canonical\" href=\"https:\/\/medicalservice.care\/en\/pt\/urgencias-24-horas\/\" \/>\n<meta property=\"og:locale\" content=\"en_GB\" \/>\n<meta property=\"og:type\" content=\"article\" \/>\n<meta property=\"og:title\" content=\"URG\u00caNCIAS 24 HORAS\" \/>\n<meta property=\"og:description\" content=\"URG\u00caNCIAS 24H URG\u00caNCIAS 24H &nbsp;M\u00e9dicos 24 horas :&nbsp;670 773 826 Dispositivos 24 horas :&nbsp;626 582 388 Central&nbsp; de M\u00e1laga :&nbsp;951 600 116 VALORACI\u00d3N M\u00c9DICA INMEDIATA. TIEMPO DE RESPUESTA INFERIOR A 30 MIN. GESTI\u00d3N COMPLETA DE LOS EXITUS. FORMACI\u00d3N DEL PERSONAL EN URGENCIAS, EMERGENCIAS GERI\u00c1TRICAS Y SOPORTE VITAL, INTERLOCUCI\u00d3N INMEDIATA DE LOS FAMILIARES EN LA GESTI\u00d3N [&hellip;]\" \/>\n<meta property=\"og:url\" content=\"https:\/\/medicalservice.care\/en\/pt\/urgencias-24-horas\/\" \/>\n<meta property=\"og:site_name\" content=\"Medical service\" \/>\n<meta property=\"article:modified_time\" content=\"2024-02-07T10:44:00+00:00\" \/>\n<meta property=\"og:image\" content=\"https:\/\/medicalservice.care\/wp-content\/uploads\/2024\/01\/MEDICOS-3.jpg\" \/>\n\t<meta property=\"og:image:width\" content=\"1500\" \/>\n\t<meta property=\"og:image:height\" content=\"858\" \/>\n\t<meta property=\"og:image:type\" content=\"image\/jpeg\" \/>\n<meta name=\"twitter:card\" content=\"summary_large_image\" \/>\n<meta name=\"twitter:label1\" content=\"Estimated reading time\" \/>\n\t<meta name=\"twitter:data1\" content=\"1 minute\" \/>\n<script type=\"application\/ld+json\" class=\"yoast-schema-graph\">{\"@context\":\"https:\/\/schema.org\",\"@graph\":[{\"@type\":\"WebPage\",\"@id\":\"https:\/\/medicalservice.care\/pt\/urgencias-24-horas\/\",\"url\":\"https:\/\/medicalservice.care\/pt\/urgencias-24-horas\/\",\"name\":\"URG\u00caNCIAS 24 HORAS - Medical service\",\"isPartOf\":{\"@id\":\"https:\/\/medicalservice.care\/#website\"},\"primaryImageOfPage\":{\"@id\":\"https:\/\/medicalservice.care\/pt\/urgencias-24-horas\/#primaryimage\"},\"image\":{\"@id\":\"https:\/\/medicalservice.care\/pt\/urgencias-24-horas\/#primaryimage\"},\"thumbnailUrl\":\"https:\/\/medicalservice.care\/wp-content\/uploads\/2024\/01\/MEDICOS-3-1024x586.jpg\",\"datePublished\":\"2024-02-07T10:41:52+00:00\",\"dateModified\":\"2024-02-07T10:44:00+00:00\",\"breadcrumb\":{\"@id\":\"https:\/\/medicalservice.care\/pt\/urgencias-24-horas\/#breadcrumb\"},\"inLanguage\":\"en-GB\",\"potentialAction\":[{\"@type\":\"ReadAction\",\"target\":[\"https:\/\/medicalservice.care\/pt\/urgencias-24-horas\/\"]}]},{\"@type\":\"ImageObject\",\"inLanguage\":\"en-GB\",\"@id\":\"https:\/\/medicalservice.care\/pt\/urgencias-24-horas\/#primaryimage\",\"url\":\"https:\/\/medicalservice.care\/wp-content\/uploads\/2024\/01\/MEDICOS-3-1024x586.jpg\",\"contentUrl\":\"https:\/\/medicalservice.care\/wp-content\/uploads\/2024\/01\/MEDICOS-3-1024x586.jpg\"},{\"@type\":\"BreadcrumbList\",\"@id\":\"https:\/\/medicalservice.care\/pt\/urgencias-24-horas\/#breadcrumb\",\"itemListElement\":[{\"@type\":\"ListItem\",\"position\":1,\"name\":\"Portada\",\"item\":\"https:\/\/medicalservice.care\/\"},{\"@type\":\"ListItem\",\"position\":2,\"name\":\"URG\u00caNCIAS 24 HORAS\"}]},{\"@type\":\"WebSite\",\"@id\":\"https:\/\/medicalservice.care\/#website\",\"url\":\"https:\/\/medicalservice.care\/\",\"name\":\"Medical service\",\"description\":\"Medical Service Care es una empresa especializada en el \u00e1mbito de la gesti\u00f3n integral de servicios m\u00e9dicos, cuya creencia en la labor de equipo le ha llevado, tras varias etapas, a crear un modelo de empresa basado en la fuerza del grupo para la canalizaci\u00f3n de su labor con las m\u00e1ximas garant\u00edas de calidad asistencial.\",\"publisher\":{\"@id\":\"https:\/\/medicalservice.care\/#organization\"},\"potentialAction\":[{\"@type\":\"SearchAction\",\"target\":{\"@type\":\"EntryPoint\",\"urlTemplate\":\"https:\/\/medicalservice.care\/?s={search_term_string}\"},\"query-input\":{\"@type\":\"PropertyValueSpecification\",\"valueRequired\":true,\"valueName\":\"search_term_string\"}}],\"inLanguage\":\"en-GB\"},{\"@type\":\"Organization\",\"@id\":\"https:\/\/medicalservice.care\/#organization\",\"name\":\"Medical service\",\"url\":\"https:\/\/medicalservice.care\/\",\"logo\":{\"@type\":\"ImageObject\",\"inLanguage\":\"en-GB\",\"@id\":\"https:\/\/medicalservice.care\/#\/schema\/logo\/image\/\",\"url\":\"https:\/\/medicalservice.care\/wp-content\/uploads\/2024\/01\/LOGO-Y-REAL-MADRID-DIAPOSITIVA-WEB-1.jpg\",\"contentUrl\":\"https:\/\/medicalservice.care\/wp-content\/uploads\/2024\/01\/LOGO-Y-REAL-MADRID-DIAPOSITIVA-WEB-1.jpg\",\"width\":800,\"height\":115,\"caption\":\"Medical service\"},\"image\":{\"@id\":\"https:\/\/medicalservice.care\/#\/schema\/logo\/image\/\"}}]}<\/script>\n<!-- \/ Yoast SEO Premium plugin. -->","yoast_head_json":{"title":"URG\u00caNCIAS 24 HORAS - Medical service","robots":{"index":"index","follow":"follow","max-snippet":"max-snippet:-1","max-image-preview":"max-image-preview:large","max-video-preview":"max-video-preview:-1"},"canonical":"https:\/\/medicalservice.care\/en\/pt\/urgencias-24-horas\/","og_locale":"en_GB","og_type":"article","og_title":"URG\u00caNCIAS 24 HORAS","og_description":"URG\u00caNCIAS 24H URG\u00caNCIAS 24H &nbsp;M\u00e9dicos 24 horas :&nbsp;670 773 826 Dispositivos 24 horas :&nbsp;626 582 388 Central&nbsp; de M\u00e1laga :&nbsp;951 600 116 VALORACI\u00d3N M\u00c9DICA INMEDIATA. TIEMPO DE RESPUESTA INFERIOR A 30 MIN. GESTI\u00d3N COMPLETA DE LOS EXITUS. FORMACI\u00d3N DEL PERSONAL EN URGENCIAS, EMERGENCIAS GERI\u00c1TRICAS Y SOPORTE VITAL, INTERLOCUCI\u00d3N INMEDIATA DE LOS FAMILIARES EN LA GESTI\u00d3N [&hellip;]","og_url":"https:\/\/medicalservice.care\/en\/pt\/urgencias-24-horas\/","og_site_name":"Medical service","article_modified_time":"2024-02-07T10:44:00+00:00","og_image":[{"width":1500,"height":858,"url":"https:\/\/medicalservice.care\/wp-content\/uploads\/2024\/01\/MEDICOS-3.jpg","type":"image\/jpeg"}],"twitter_card":"summary_large_image","twitter_misc":{"Estimated reading time":"1 minute"},"schema":{"@context":"https:\/\/schema.org","@graph":[{"@type":"WebPage","@id":"https:\/\/medicalservice.care\/pt\/urgencias-24-horas\/","url":"https:\/\/medicalservice.care\/pt\/urgencias-24-horas\/","name":"URG\u00caNCIAS 24 HORAS - Medical service","isPartOf":{"@id":"https:\/\/medicalservice.care\/#website"},"primaryImageOfPage":{"@id":"https:\/\/medicalservice.care\/pt\/urgencias-24-horas\/#primaryimage"},"image":{"@id":"https:\/\/medicalservice.care\/pt\/urgencias-24-horas\/#primaryimage"},"thumbnailUrl":"https:\/\/medicalservice.care\/wp-content\/uploads\/2024\/01\/MEDICOS-3-1024x586.jpg","datePublished":"2024-02-07T10:41:52+00:00","dateModified":"2024-02-07T10:44:00+00:00","breadcrumb":{"@id":"https:\/\/medicalservice.care\/pt\/urgencias-24-horas\/#breadcrumb"},"inLanguage":"en-GB","potentialAction":[{"@type":"ReadAction","target":["https:\/\/medicalservice.care\/pt\/urgencias-24-horas\/"]}]},{"@type":"ImageObject","inLanguage":"en-GB","@id":"https:\/\/medicalservice.care\/pt\/urgencias-24-horas\/#primaryimage","url":"https:\/\/medicalservice.care\/wp-content\/uploads\/2024\/01\/MEDICOS-3-1024x586.jpg","contentUrl":"https:\/\/medicalservice.care\/wp-content\/uploads\/2024\/01\/MEDICOS-3-1024x586.jpg"},{"@type":"BreadcrumbList","@id":"https:\/\/medicalservice.care\/pt\/urgencias-24-horas\/#breadcrumb","itemListElement":[{"@type":"ListItem","position":1,"name":"Portada","item":"https:\/\/medicalservice.care\/"},{"@type":"ListItem","position":2,"name":"URG\u00caNCIAS 24 HORAS"}]},{"@type":"WebSite","@id":"https:\/\/medicalservice.care\/#website","url":"https:\/\/medicalservice.care\/","name":"Medical service","description":"Medical Service Care is a company specializing in the field of comprehensive management of medical services, whose belief in teamwork has led it, after several stages, to create a business model based on the strength of the group to channel its work with the highest guarantees of quality care.","publisher":{"@id":"https:\/\/medicalservice.care\/#organization"},"potentialAction":[{"@type":"SearchAction","target":{"@type":"EntryPoint","urlTemplate":"https:\/\/medicalservice.care\/?s={search_term_string}"},"query-input":{"@type":"PropertyValueSpecification","valueRequired":true,"valueName":"search_term_string"}}],"inLanguage":"en-GB"},{"@type":"Organization","@id":"https:\/\/medicalservice.care\/#organization","name":"Medical service","url":"https:\/\/medicalservice.care\/","logo":{"@type":"ImageObject","inLanguage":"en-GB","@id":"https:\/\/medicalservice.care\/#\/schema\/logo\/image\/","url":"https:\/\/medicalservice.care\/wp-content\/uploads\/2024\/01\/LOGO-Y-REAL-MADRID-DIAPOSITIVA-WEB-1.jpg","contentUrl":"https:\/\/medicalservice.care\/wp-content\/uploads\/2024\/01\/LOGO-Y-REAL-MADRID-DIAPOSITIVA-WEB-1.jpg","width":800,"height":115,"caption":"Medical service"},"image":{"@id":"https:\/\/medicalservice.care\/#\/schema\/logo\/image\/"}}]}},"_links":{"self":[{"href":"https:\/\/medicalservice.care\/en\/wp-json\/wp\/v2\/pages\/6910","targetHints":{"allow":["GET"]}}],"collection":[{"href":"https:\/\/medicalservice.care\/en\/wp-json\/wp\/v2\/pages"}],"about":[{"href":"https:\/\/medicalservice.care\/en\/wp-json\/wp\/v2\/types\/page"}],"author":[{"embeddable":true,"href":"https:\/\/medicalservice.care\/en\/wp-json\/wp\/v2\/users\/2"}],"replies":[{"embeddable":true,"href":"https:\/\/medicalservice.care\/en\/wp-json\/wp\/v2\/comments?post=6910"}],"version-history":[{"count":5,"href":"https:\/\/medicalservice.care\/en\/wp-json\/wp\/v2\/pages\/6910\/revisions"}],"predecessor-version":[{"id":6916,"href":"https:\/\/medicalservice.care\/en\/wp-json\/wp\/v2\/pages\/6910\/revisions\/6916"}],"wp:attachment":[{"href":"https:\/\/medicalservice.care\/en\/wp-json\/wp\/v2\/media?parent=6910"}],"curies":[{"name":"wp","href":"https:\/\/api.w.org\/{rel}","templated":true}]}}